{"id":2,"date":"2022-12-02T22:10:26","date_gmt":"2022-12-02T21:10:26","guid":{"rendered":"https:\/\/monteurzimmer-backhaus.de\/?page_id=2"},"modified":"2023-01-09T14:21:18","modified_gmt":"2023-01-09T13:21:18","slug":"beispiel-seite","status":"publish","type":"page","link":"https:\/\/monteurzimmer-backhaus.de\/","title":{"rendered":"Startseite"},"content":{"rendered":"\n<p>In unseren Ferienwohnungen finden Sie alles, was Sie f\u00fcr einen angenehmen und unbeschwerten Aufenthalt ben\u00f6tigen! Jedes Zimmer verf\u00fcgt \u00fcber Einzelbetten. Das Bett wird frisch vor Ihrem Aufenthalt bezogen und Handt\u00fccher liegen f\u00fcr Sie bereit. Die Zimmer werden bei l\u00e4ngerer Aufenthaltsdauer W\u00f6chentlich gereinigt.<br><br>2019 wurde das Dach des Objektes modernisiert inkl. D\u00e4mmung und Fenster. In den Wohnungen, die sich im OG befinden, darf nicht geraucht werden. Im EG befindet sich ein gro\u00dfer \u00fcberdachter Aufenthaltsraum dort ist das Rauchen erlaubt. &nbsp;<br><br>Freies WLAN ohne Zusatzkosten und l\u00e4stigem Passwort. Die K\u00fcche ist vollst\u00e4ndig ausgestattet mit K\u00fchl- und Eisschrank, Herd, Backofen, Mikrowelle, Kaffeemaschine, Wasserkocher, Toaster, Geschirr, etc.<\/p>\n\n\n\n<p><br>Eine Waschmaschine ist vorhanden und kann gegen eine Geb\u00fchr genutzt werden. Ruhige Lage, dennoch Zentral. Gro\u00dfer Parkplatz direkt am Haus, der in Teilbereichen Video\u00fcberwacht ist.<\/p>\n\n\n\n<p><strong>Kontaktieren Sie uns per Mail, WhatsApp oder telefonisch!<\/strong><\/p>\n\n\n\n<p>  <\/p>\n\n\n\n<div style=\"height:39px\" aria-hidden=\"true\" class=\"wp-block-spacer\"><\/div>\n\n\n\n<hr class=\"wp-block-separator has-alpha-channel-opacity\"\/>\n\n\n\n<h2 class=\"wp-block-heading\">Zus\u00e4tzliche Preisinformation<\/h2>\n\n\n\n<p>Sprechen Sie uns gerne an, wenn Sie f\u00fcr eine gr\u00f6\u00dfere Anzahl an Mitarbeitern eine Unterkunft ben\u00f6tigen. Bei einer l\u00e4ngeren Aufenthaltsdauer, k\u00f6nnen wir gerne \u00fcber den Preis sprechen. Die Mehrwertsteuer von 7% wird in der Rechnung mit ausgef\u00fchrt.<\/p>\n","protected":false},"excerpt":{"rendered":"<p>In unseren Ferienwohnungen finden Sie alles, was Sie f\u00fcr einen angenehmen und unbeschwerten Aufenthalt ben\u00f6tigen! Jedes Zimmer verf\u00fcgt \u00fcber Einzelbetten. Das Bett wird frisch vor Ihrem Aufenthalt bezogen und Handt\u00fccher liegen f\u00fcr Sie bereit. Die [&hellip;]<\/p>\n","protected":false},"author":1,"featured_media":0,"parent":0,"menu_order":0,"comment_status":"closed","ping_status":"open","template":"","meta":{"footnotes":""},"class_list":["post-2","page","type-page","status-publish","hentry"],"_links":{"self":[{"href":"https:\/\/monteurzimmer-backhaus.de\/index.php?rest_route=\/wp\/v2\/pages\/2","targetHints":{"allow":["GET"]}}],"collection":[{"href":"https:\/\/monteurzimmer-backhaus.de\/index.php?rest_route=\/wp\/v2\/pages"}],"about":[{"href":"https:\/\/monteurzimmer-backhaus.de\/index.php?rest_route=\/wp\/v2\/types\/page"}],"author":[{"embeddable":true,"href":"https:\/\/monteurzimmer-backhaus.de\/index.php?rest_route=\/wp\/v2\/users\/1"}],"replies":[{"embeddable":true,"href":"https:\/\/monteurzimmer-backhaus.de\/index.php?rest_route=%2Fwp%2Fv2%2Fcomments&post=2"}],"version-history":[{"count":9,"href":"https:\/\/monteurzimmer-backhaus.de\/index.php?rest_route=\/wp\/v2\/pages\/2\/revisions"}],"predecessor-version":[{"id":62,"href":"https:\/\/monteurzimmer-backhaus.de\/index.php?rest_route=\/wp\/v2\/pages\/2\/revisions\/62"}],"wp:attachment":[{"href":"https:\/\/monteurzimmer-backhaus.de\/index.php?rest_route=%2Fwp%2Fv2%2Fmedia&parent=2"}],"curies":[{"name":"wp","href":"https:\/\/api.w.org\/{rel}","templated":true}]}}